{"id":1785,"date":"2026-03-19T12:50:48","date_gmt":"2026-03-19T11:50:48","guid":{"rendered":"https:\/\/uraterapia.com\/?post_type=product&#038;p=1785"},"modified":"2026-04-09T12:25:15","modified_gmt":"2026-04-09T10:25:15","slug":"udalekus","status":"publish","type":"product","link":"https:\/\/uraterapia.com\/eu\/actividades\/udalekus\/","title":{"rendered":"Udalekus"},"content":{"rendered":"<h2>VERANOS SALUDABLES\/UDARA OSASUNTSUAK<br \/>\nDEPORTE, SALUD y EDUCACI\u00d3N EN VALORES<\/h2>\n<ul>\n<li>NI\u00d1OS-AS ENTRE 3 y 10 A\u00d1OS aprox, Junio, Julio y Septiembre<\/li>\n<li>Horario de ma\u00f1anas de lunes a viernes. (Punto de Encuentro URA TERAPIA).<\/li>\n<li>Servicio de recogida matinal anticipada<\/li>\n<li>Servicio de comedor.<\/li>\n<li>El programa se realizar\u00e1 principalmente en euskera y con actividades en Ingl\u00e9s.<\/li>\n<li>PERSONAL PROPIO CUALIFICADO y CON EXPERIENCIA.<\/li>\n<li>Grupos Reducidos.<\/li>\n<li>Todo ello en un ambiente CERCANO y FAMILIAR, RELAJADO y TRANQUILO.<\/li>\n<li>QU\u00c9 OFRECEMOS: (Cada viernes se informa del programa de la semana siguiente y se mandar\u00e1n las fotos de las actividades realizadas).<\/li>\n<\/ul>\n<h2>AGUA<\/h2>\n<ul>\n<li>Actividades Acu\u00e1ticas: Nataci\u00f3n, Deportes Acu\u00e1ticos, Juegos y ocio en el agua en grupos reducidos.<\/li>\n<li>3-4 sesiones semanales. Apoyo de 2 T\u00e9cnicos Acu\u00e1ticos. Desarrollo personal f\u00edsico y deporte en equipo.<\/li>\n<li>\u00daNICA PISCINA CLIMATIZADA DE CLORACI\u00d3N SALINA.<\/li>\n<\/ul>\n<h2>INGL\u00c9S<\/h2>\n<p>Ingl\u00e9s L\u00fadico (talleres semanales) en La Academia, con profesores nativos, con formaci\u00f3n y experiencia.<\/p>\n<h2>DEPORTE<\/h2>\n<p>Deporte en equipo, trabajamos juntos, nos respetamos y respetamos las reglas del juego. En un equipo todos somos importantes. Para los mayores, f\u00fatbol, baloncesto, front\u00f3n, voley, beisbol pie, b\u00e1dminton, bril\u00e9, hockey, waterpolo, petanca, freesbee y ping-pong. Para los peque\u00f1os, deporte m\u00e1s b\u00e1sico adaptado a su edad: futbito, circuitos deportivos, puzzles, bolos, goma, petanca, txingo, diana y circuitos acu\u00e1ticos de M\u00fasica y Color.<\/p>\n<h2>EDUCACI\u00d3N EN VALORES<\/h2>\n<p>Educaci\u00f3n en valores en nuestros talleres, actividades y excursiones. Fomentamos HABITOS de trabajo en grupo, participaci\u00f3n, motivaci\u00f3n, solidaridad, reciclaje, convivencia, respeto y buenas acciones. Talleres: Manualidades, Pintura, Reciclaje, Globoflexia, Velas, Caretas, Collares, Huerta, Pinta-Caras, Tattoos, M\u00fasica, Cocina, Medio Ambiente, Hip-Hop, Yoga, Tik-Toks\u2026 Actividades: Juegos Cooperativos, de Construcci\u00f3n, de Agua, Cuenta Cuentos, San Ferm\u00edn, Herri Kirolak, Altxorraren Bila, Cine, Discoteca-Disfraces y Cabezudos en la Fiesta Final\u2026 Salidas y Excursiones: Aquarium, Entornos Rurales, Txu-Txu, Catamar\u00e1n, Funicular(Peine del Viento), Patines-Skate, Cristina-Enea, Biblioteca, Mercado, Playa, Parques\u2026<\/p>\n","protected":false},"excerpt":{"rendered":"<p>A lo largo de la semana, los ni\u00f1os y ni\u00f1as disfrutan de una propuesta muy completa que combina actividades acu\u00e1ticas, deporte, talleres creativos, juegos, salidas y excursiones. Uno de los grandes atractivos del programa es el trabajo en el agua, con varias sesiones semanales de nataci\u00f3n, juegos y deportes acu\u00e1ticos en la \u00fanica piscina climatizada de cloraci\u00f3n salina, siempre con el acompa\u00f1amiento de t\u00e9cnicos acu\u00e1ticos especializados.<\/p>\n","protected":false},"featured_media":821,"comment_status":"open","ping_status":"closed","template":"","meta":{"_acf_changed":false},"product_brand":[],"product_cat":[53],"product_tag":[],"class_list":{"0":"post-1785","1":"product","2":"type-product","3":"status-publish","4":"has-post-thumbnail","6":"product_cat-udalekus","8":"first","9":"instock","10":"shipping-taxable","11":"product-type-simple"},"acf":[],"_links":{"self":[{"href":"https:\/\/uraterapia.com\/eu\/wp-json\/wp\/v2\/product\/1785","targetHints":{"allow":["GET"]}}],"collection":[{"href":"https:\/\/uraterapia.com\/eu\/wp-json\/wp\/v2\/product"}],"about":[{"href":"https:\/\/uraterapia.com\/eu\/wp-json\/wp\/v2\/types\/product"}],"replies":[{"embeddable":true,"href":"https:\/\/uraterapia.com\/eu\/wp-json\/wp\/v2\/comments?post=1785"}],"version-history":[{"count":7,"href":"https:\/\/uraterapia.com\/eu\/wp-json\/wp\/v2\/product\/1785\/revisions"}],"predecessor-version":[{"id":1921,"href":"https:\/\/uraterapia.com\/eu\/wp-json\/wp\/v2\/product\/1785\/revisions\/1921"}],"wp:featuredmedia":[{"embeddable":true,"href":"https:\/\/uraterapia.com\/eu\/wp-json\/wp\/v2\/media\/821"}],"wp:attachment":[{"href":"https:\/\/uraterapia.com\/eu\/wp-json\/wp\/v2\/media?parent=1785"}],"wp:term":[{"taxonomy":"product_brand","embeddable":true,"href":"https:\/\/uraterapia.com\/eu\/wp-json\/wp\/v2\/product_brand?post=1785"},{"taxonomy":"product_cat","embeddable":true,"href":"https:\/\/uraterapia.com\/eu\/wp-json\/wp\/v2\/product_cat?post=1785"},{"taxonomy":"product_tag","embeddable":true,"href":"https:\/\/uraterapia.com\/eu\/wp-json\/wp\/v2\/product_tag?post=1785"}],"curies":[{"name":"wp","href":"https:\/\/api.w.org\/{rel}","templated":true}]}}